{"id":308,"date":"2019-08-02T06:23:05","date_gmt":"2019-08-02T06:23:05","guid":{"rendered":"http:\/\/medify.wgl-demo.net\/?page_id=308"},"modified":"2025-07-21T16:05:44","modified_gmt":"2025-07-21T19:05:44","slug":"our-history","status":"publish","type":"page","link":"https:\/\/carolinaorlandi.com.br\/?page_id=308","title":{"rendered":"Quem sou"},"content":{"rendered":"\t\t<div data-elementor-type=\"wp-post\" data-elementor-id=\"308\" class=\"elementor elementor-308\">\n\t\t\t\t\t\t<section class=\"elementor-section elementor-top-section elementor-element elementor-element-9588332 elementor-section-boxed elementor-section-height-default elementor-section-height-default\" data-id=\"9588332\" data-element_type=\"section\">\n\t\t\t\t\t\t<div class=\"elementor-container elementor-column-gap-default\">\n\t\t\t\t\t<div class=\"elementor-column elementor-col-100 elementor-top-column elementor-element elementor-element-fc5abae\" data-id=\"fc5abae\" data-element_type=\"column\">\n\t\t\t<div class=\"elementor-widget-wrap elementor-element-populated\">\n\t\t\t\t\t\t<div class=\"elementor-element elementor-element-be8dfba elementor-widget elementor-widget-spacer\" data-id=\"be8dfba\" data-element_type=\"widget\" data-widget_type=\"spacer.default\">\n\t\t\t\t<div class=\"elementor-widget-container\">\n\t\t\t\t\t<div class=\"elementor-spacer\">\n\t\t\t<div class=\"elementor-spacer-inner\"><\/div>\n\t\t<\/div>\n\t\t\t\t<\/div>\n\t\t\t\t<\/div>\n\t\t\t\t\t<\/div>\n\t\t<\/div>\n\t\t\t\t\t<\/div>\n\t\t<\/section>\n\t\t\t\t<section class=\"elementor-section elementor-top-section elementor-element elementor-element-8936afd elementor-section-boxed elementor-section-height-default elementor-section-height-default\" data-id=\"8936afd\" data-element_type=\"section\">\n\t\t\t\t\t\t<div class=\"elementor-container elementor-column-gap-default\">\n\t\t\t\t\t<div class=\"elementor-column elementor-col-50 elementor-top-column elementor-element elementor-element-2420381\" data-id=\"2420381\" data-element_type=\"column\">\n\t\t\t<div class=\"elementor-widget-wrap elementor-element-populated\">\n\t\t\t\t\t\t<div class=\"elementor-element elementor-element-0f18314 elementor-widget elementor-widget-wgl-image-layers\" data-id=\"0f18314\" data-element_type=\"widget\" data-widget_type=\"wgl-image-layers.default\">\n\t\t\t\t<div class=\"elementor-widget-container\">\n\t\t\t<div class=\"wgl-image-layers\"><div class=\"img-layer_image-wrapper slide_right\" style=\"z-index: 2\">\r\n                <div class=\"img-layer_item\" style=\"transform: translate(0%, 0%);\">\r\n                    <div class=\"img-layer_image\" style=\"transition: all 800ms; transition-delay: 600ms;\">\r\n                        <img decoding=\"async\" src=\"http:\/\/carolinaorlandi.com.br\/wp-content\/uploads\/2024\/02\/carolQuemSou.png\" alt=\"\" \/>\r\n                    <\/div>\r\n                <\/div>\r\n            <\/div> <div class=\"img-layer_image-wrapper zoom_in\" style=\"z-index: 3\">\r\n                <div class=\"img-layer_item\" style=\"transform: translate(0%, 0%);\">\r\n                    <div class=\"img-layer_image\" style=\"transition: all 800ms; transition-delay: 1200ms;\">\r\n                        <img decoding=\"async\" src=\"http:\/\/carolinaorlandi.com.br\/wp-content\/uploads\/2019\/08\/image-layers-1_2.png\" alt=\"\" \/>\r\n                    <\/div>\r\n                <\/div>\r\n            <\/div> <div class=\"img-layer_image-wrapper zoom_in\" style=\"z-index: 1\">\r\n                <div class=\"img-layer_item\" style=\"transform: translate(0%, 0%);\">\r\n                    <div class=\"img-layer_image\" style=\"transition: all 800ms; transition-delay: 1800ms;\">\r\n                        <img decoding=\"async\" src=\"http:\/\/carolinaorlandi.com.br\/wp-content\/uploads\/2019\/08\/image-layers-1_3.png\" alt=\"\" \/>\r\n                    <\/div>\r\n                <\/div>\r\n            <\/div> <\/div>\t\t<\/div>\n\t\t\t\t<\/div>\n\t\t\t\t\t<\/div>\n\t\t<\/div>\n\t\t\t\t<div class=\"elementor-column elementor-col-50 elementor-top-column elementor-element elementor-element-43b691b\" data-id=\"43b691b\" data-element_type=\"column\">\n\t\t\t<div class=\"elementor-widget-wrap elementor-element-populated\">\n\t\t\t\t\t\t<div class=\"elementor-element elementor-element-f3d4f96 elementor-widget elementor-widget-wgl-double-headings\" data-id=\"f3d4f96\" data-element_type=\"widget\" data-widget_type=\"wgl-double-headings.default\">\n\t\t\t\t<div class=\"elementor-widget-container\">\n\t\t\t<div class=\"wgl-double_heading aleft\"><div class=\"dbl-subtitle\"><span>Minha miss\u00e3o<\/span><\/div>                <h3 class=\"dbl-title_wrapper\"><span class=\"dbl-title dbl-title_1\">Quem sou<\/span>                 <\/h3>        <\/div>\t\t<\/div>\n\t\t\t\t<\/div>\n\t\t\t\t<div class=\"elementor-element elementor-element-4074a49 elementor-widget elementor-widget-text-editor\" data-id=\"4074a49\" data-element_type=\"widget\" data-widget_type=\"text-editor.default\">\n\t\t\t\t<div class=\"elementor-widget-container\">\n\t\t\t\t\t\t\t<p>Promover sa\u00fade, bem-estar e autoconfian\u00e7a \u00e0s mulheres, oferecendo um atendimento m\u00e9dico ginecol\u00f3gico de excel\u00eancia, acolhedor e personalizado, baseado em ci\u00eancia, \u00e9tica e respeito \u00e0 individualidade.<br \/>Tenho como miss\u00e3o impactar positivamente a vida de cada paciente, proporcionando um espa\u00e7o seguro, de escuta ativa e cuidado humanizado, onde a mulher \u00e9 protagonista do seu pr\u00f3prio corpo e escolhas.<br \/>Acredito em uma medicina integrativa, que valoriza todas as fases da vida feminina, e busco constantemente atualiza\u00e7\u00e3o e inova\u00e7\u00e3o para oferecer o que h\u00e1 de melhor em preven\u00e7\u00e3o, diagn\u00f3stico e tratamento.<br \/>Mais do que tratar doen\u00e7as, minha miss\u00e3o \u00e9 cuidar da mulher como um todo \u2014 promovendo sa\u00fade, informa\u00e7\u00e3o, autoestima e qualidade de vida.<\/p>\t\t\t\t\t\t<\/div>\n\t\t\t\t<\/div>\n\t\t\t\t\t<\/div>\n\t\t<\/div>\n\t\t\t\t\t<\/div>\n\t\t<\/section>\n\t\t\t\t<section class=\"elementor-section elementor-top-section elementor-element elementor-element-f4e17ab elementor-section-boxed elementor-section-height-default elementor-section-height-default\" data-id=\"f4e17ab\" data-element_type=\"section\" data-settings=\"{&quot;background_background&quot;:&quot;classic&quot;}\">\n\t\t\t\t\t\t<div class=\"elementor-container elementor-column-gap-default\">\n\t\t\t\t\t<div class=\"elementor-column elementor-col-100 elementor-top-column elementor-element elementor-element-5957a79\" data-id=\"5957a79\" data-element_type=\"column\">\n\t\t\t<div class=\"elementor-widget-wrap elementor-element-populated\">\n\t\t\t\t\t\t<div class=\"elementor-element elementor-element-9b66f7a elementor-widget elementor-widget-spacer\" data-id=\"9b66f7a\" data-element_type=\"widget\" data-widget_type=\"spacer.default\">\n\t\t\t\t<div class=\"elementor-widget-container\">\n\t\t\t\t\t<div class=\"elementor-spacer\">\n\t\t\t<div class=\"elementor-spacer-inner\"><\/div>\n\t\t<\/div>\n\t\t\t\t<\/div>\n\t\t\t\t<\/div>\n\t\t\t\t<section class=\"elementor-section elementor-inner-section elementor-element elementor-element-25990f1 elementor-section-boxed elementor-section-height-default elementor-section-height-default\" data-id=\"25990f1\" data-element_type=\"section\">\n\t\t\t\t\t\t<div class=\"elementor-container elementor-column-gap-default\">\n\t\t\t\t\t<div class=\"elementor-column elementor-col-33 elementor-inner-column elementor-element elementor-element-1c5f5f9\" data-id=\"1c5f5f9\" data-element_type=\"column\">\n\t\t\t<div class=\"elementor-widget-wrap\">\n\t\t\t\t\t\t\t<\/div>\n\t\t<\/div>\n\t\t\t\t<div class=\"elementor-column elementor-col-33 elementor-inner-column elementor-element elementor-element-b6660fa\" data-id=\"b6660fa\" data-element_type=\"column\">\n\t\t\t<div class=\"elementor-widget-wrap elementor-element-populated\">\n\t\t\t\t\t\t<div class=\"elementor-element elementor-element-2154d5d elementor-widget elementor-widget-wgl-double-headings\" data-id=\"2154d5d\" data-element_type=\"widget\" data-widget_type=\"wgl-double-headings.default\">\n\t\t\t\t<div class=\"elementor-widget-container\">\n\t\t\t<div class=\"wgl-double_heading acenter\"><div class=\"dbl-subtitle\"><span>minha hist\u00f3ria<\/span><\/div>                <h3 class=\"dbl-title_wrapper\"><span class=\"dbl-title dbl-title_1\">22 anos de profissionalismo<\/span>                 <\/h3>        <\/div>\t\t<\/div>\n\t\t\t\t<\/div>\n\t\t\t\t<div class=\"elementor-element elementor-element-b0fadd2 elementor-widget elementor-widget-text-editor\" data-id=\"b0fadd2\" data-element_type=\"widget\" data-widget_type=\"text-editor.default\">\n\t\t\t\t<div class=\"elementor-widget-container\">\n\t\t\t\t\t\t\t<p style=\"text-align: center;\">Sou profissional m\u00e9dica com mais de 10 anos de experi\u00eancia. Membro da Associa\u00e7\u00e3o Brasileira de Patologia do Trato Genital Inferior e Colposcopia e da Federa\u00e7\u00e3o Brasileira das Associa\u00e7\u00f5es de Ginecologia e Obstetr\u00edcia<\/p>\t\t\t\t\t\t<\/div>\n\t\t\t\t<\/div>\n\t\t\t\t\t<\/div>\n\t\t<\/div>\n\t\t\t\t<div class=\"elementor-column elementor-col-33 elementor-inner-column elementor-element elementor-element-1b567a4\" data-id=\"1b567a4\" data-element_type=\"column\">\n\t\t\t<div class=\"elementor-widget-wrap\">\n\t\t\t\t\t\t\t<\/div>\n\t\t<\/div>\n\t\t\t\t\t<\/div>\n\t\t<\/section>\n\t\t\t\t<div class=\"elementor-element elementor-element-b18cab2 elementor-widget elementor-widget-spacer\" data-id=\"b18cab2\" data-element_type=\"widget\" data-widget_type=\"spacer.default\">\n\t\t\t\t<div class=\"elementor-widget-container\">\n\t\t\t\t\t<div class=\"elementor-spacer\">\n\t\t\t<div class=\"elementor-spacer-inner\"><\/div>\n\t\t<\/div>\n\t\t\t\t<\/div>\n\t\t\t\t<\/div>\n\t\t\t\t<div class=\"elementor-element elementor-element-1a97b2e elementor-widget elementor-widget-wgl-time-line-vertical\" data-id=\"1a97b2e\" data-element_type=\"widget\" data-widget_type=\"wgl-time-line-vertical.default\">\n\t\t\t\t<div class=\"elementor-widget-container\">\n\t\t\t        <div class=\"wgl-timeline-vertical start-def appear_anim\">\r\n        <div class=\"time_line-start_image\"><svg xmlns=\"http:\/\/www.w3.org\/2000\/svg\" xmlns:xlink=\"http:\/\/www.w3.org\/1999\/xlink x=\"0px\" y=\"0px\" viewBox=\"0 0 120.8 171.4\" xml:space=\"preserve\"><path d=\"M66.1,143.5c2.3,0,4.3-1.1,5.7-2.8c0.2,0,0.5,0,0.7,0c6.4,0,15.8-2.5,21.1-12.3c2.3-4.3,8.3-22.3,13.1-38.3 c0.4-1.3-0.1-2.6-1.1-3.3c6.9-23,14-49.2 15-60.7c0.6-7.2-0.9-12.7-4.4-16.5c-3.5-3.7-8.1-4.5-10.4-4.7c-0.6-1-1.7-1.7-2.9-1.7 c-0.8,0-1.4,0.3-2,0.7c-1.1-2.4-3.4-4-6.2-4C91,0,88,3,88,6.8c0,3.7,3,6.8,6.8,6.8c2.7,0,5.1-1.6,6.2-4c0.6,0.4,1.3,0.7,2,0.7 c1,0,1.9-0.4,2.5-1.1c1.6,0.1,5.2,0.7,7.9,3.5c2.7,2.9,3.8,7.3,3.3,13.3c-1,11.3-8,37.2-14.8,59.9c-1.2,0.1-2.4,0.9-2.7,2.1 c-6,19.6-11,34-12.5,36.8c-3.9,7.3-10.9,8.2-14.3,8.1c-1.2-2.1-3.5-3.5-6.2-3.5H54.5c-2.6,0-4.9,1.4-6.2,3.5 c-3.5 0-10.3-0.9-14.1-8.1c-1.5-2.8-6.5-17.1-12.5-36.8c-0.4-1.2-1.5-2.1-2.7-2.1C12.1,63,5.1,37.1,4.1,25.8 c-0.5-6,0.6-10.4,3.3-13.3c2.7-2.8,6.3-3.4,7.9-3.5c0.6,0.7,1.5,1.1,2.5,1.1c0.8,0,1.4-0.3,2-0.7c1.1,2.4,3.4,4,6.2,4 c3.7,0,6.8-3,6.8-6.8c0-3.7-3-6.8-6.8-6.8c-2.7,0-5.1,1.6-6.2,4c-0.6-0.4-1.3-0.7-2-0.7c-1.3,0-2.4,0.7-2.9,1.7 C12.7,5.2,8.1,6,4.6,9.7C1,13.5-0.5,19,0.1,26.2c1,11.4,8.1,37.7,15,60.7c-1,0.7-1.5,2-1.1,3.3c4.9,15.9,10.8,33.9,13.1,38.3 c5.3,9.8,14.8,12.3,21.1,12.3c0.2,0,0.4,0,0.6,0c1.3,1.7,3.4,2.8,5.7,2.8h1.8v27.6c2.7,0.1,5.3,0.2,8,0.3v-27.9H66.1z\"\/><\/svg>        <\/div>        <div class=\"time_line-items_wrap\">            <div class=\"time_line-item\">\r\n                <div class=\"time_line-pointer\"><\/div>\r\n                <div class=\"time_line-curve\"><\/div>\r\n                <div class=\"time_line-content\">                            <h3 class=\"time_line-title\">Universidade de S\u00e3o Paulo<\/h3>                            <div class=\"time_line-text\">Capacita\u00e7\u00e3o em Ginecologia na Inf\u00e2ncia e Adolesc\u00eancia.<\/div>                            <h4 class=\"time_line-date\">2022<\/h4>                <\/div>\r\n            <\/div>            <div class=\"time_line-item\">\r\n                <div class=\"time_line-pointer\"><\/div>\r\n                <div class=\"time_line-curve\"><\/div>\r\n                <div class=\"time_line-content\">                            <h3 class=\"time_line-title\">Universidade de S\u00e3o Paulo- faculdade de Medicina de Ribeir\u00e3o Preto<\/h3>                            <div class=\"time_line-text\">Especializa\u00e7\u00e3o em Nutrologia.<\/div>                            <h4 class=\"time_line-date\">2022<\/h4>                <\/div>\r\n            <\/div>            <div class=\"time_line-item\">\r\n                <div class=\"time_line-pointer\"><\/div>\r\n                <div class=\"time_line-curve\"><\/div>\r\n                <div class=\"time_line-content\">                            <h3 class=\"time_line-title\">Hospital israelita Albert Einstein<\/h3>                            <div class=\"time_line-text\"><p>P\u00f3s Gradua\u00e7\u00e3o e Cirurgia Rob\u00f3tica.<\/p><\/div>                            <h4 class=\"time_line-date\">2022<\/h4>                <\/div>\r\n            <\/div>            <div class=\"time_line-item\">\r\n                <div class=\"time_line-pointer\"><\/div>\r\n                <div class=\"time_line-curve\"><\/div>\r\n                <div class=\"time_line-content\">                            <h3 class=\"time_line-title\">Federa\u00e7\u00e3o Brasileira das Associa\u00e7\u00f5es de Ginecologia e Obstetr\u00edcia<\/h3>                            <div class=\"time_line-text\"><p>Certificado de atua\u00e7\u00e3o em Endoscopia Ginecol\u00f3gica.<\/p><\/div>                            <h4 class=\"time_line-date\">2020<\/h4>                <\/div>\r\n            <\/div>            <div class=\"time_line-item\">\r\n                <div class=\"time_line-pointer\"><\/div>\r\n                <div class=\"time_line-curve\"><\/div>\r\n                <div class=\"time_line-content\">                            <h3 class=\"time_line-title\">P\u00f3s-gradua\u00e7\u00e3o<\/h3>                            <div class=\"time_line-text\"><p>P\u00f3s -gradua\u00e7\u00e3o em Endometriose e Cirurgia Ginecol\u00f3gica Minimamente Invasiva pelo instituto S\u00edrio-Liban\u00eas de Ensino e Pesquisa.<\/p><\/div>                            <h4 class=\"time_line-date\">2017<\/h4>                <\/div>\r\n            <\/div>            <div class=\"time_line-item\">\r\n                <div class=\"time_line-pointer\"><\/div>\r\n                <div class=\"time_line-curve\"><\/div>\r\n                <div class=\"time_line-content\">                            <h3 class=\"time_line-title\">Expecializa\u00e7\u00e3o<\/h3>                            <div class=\"time_line-text\"><p>Curso de especializa\u00e7\u00e3o em Patologia do Trato Genital Inferior e Colposcopia no Instituto Brasileiro de Controle do C\u00e2ncer - IBCC.<\/p><p>\u00a0<\/p><p>T\u00edtulo de Qualifica\u00e7\u00e3o em Genitoscopia pela Associa\u00e7\u00e3o Brasileira de Patologia do Trato Genital Inferior e colposcopia.<\/p><\/div>                            <h4 class=\"time_line-date\">2010<\/h4>                <\/div>\r\n            <\/div>            <div class=\"time_line-item\">\r\n                <div class=\"time_line-pointer\"><\/div>\r\n                <div class=\"time_line-curve\"><\/div>\r\n                <div class=\"time_line-content\">                            <h3 class=\"time_line-title\">Mestrado<\/h3>                            <div class=\"time_line-text\"><p><span>Mestre em Ci\u00eancias pela Universidade Federal de S\u00e3o Paulo.<\/span><\/p><\/div>                            <h4 class=\"time_line-date\">2009<\/h4>                <\/div>\r\n            <\/div>            <div class=\"time_line-item\">\r\n                <div class=\"time_line-pointer\"><\/div>\r\n                <div class=\"time_line-curve\"><\/div>\r\n                <div class=\"time_line-content\">                            <h3 class=\"time_line-title\">Est\u00e1gio<\/h3>                            <div class=\"time_line-text\"><p><span>Est\u00e1gio no Setor de Uroginecologia da Universidade Federal de S\u00e3o Paulo.<\/span><\/p><\/div>                            <h4 class=\"time_line-date\">2007<\/h4>                <\/div>\r\n            <\/div>            <div class=\"time_line-item\">\r\n                <div class=\"time_line-pointer\"><\/div>\r\n                <div class=\"time_line-curve\"><\/div>\r\n                <div class=\"time_line-content\">                            <h3 class=\"time_line-title\">Especialista<\/h3>                            <div class=\"time_line-text\"><p>T\u00edtulo de Especialista em Ginecologia e Obstetr\u00edcia pela Federa\u00e7\u00e3o Brasileira das Associa\u00e7\u00f5es de Ginecologia e Obstetr\u00edcia-FEBRASGO.<\/p><p>Resid\u00eancia M\u00e9dica em Ginecologia e Obstetr\u00edcia no Hospital de Servidor P\u00fablico Municipal de S\u00e3o Paulo<\/p><\/div>                            <h4 class=\"time_line-date\">2006<\/h4>                <\/div>\r\n            <\/div>            <div class=\"time_line-item\">\r\n                <div class=\"time_line-pointer\"><\/div>\r\n                <div class=\"time_line-curve\"><\/div>\r\n                <div class=\"time_line-content\">                            <h3 class=\"time_line-title\">Gradua\u00e7\u00e3o<\/h3>                            <div class=\"time_line-text\"><p><span>Gradua\u00e7\u00e3o em Medicina pela Universidade Federal do Par\u00e1.<\/span><\/p><\/div>                            <h4 class=\"time_line-date\">2001<\/h4>                <\/div>\r\n            <\/div>        <\/div>\r\n        <div class=\"time_line-end_image\"><\/div>\r\n        <\/div>\t\t<\/div>\n\t\t\t\t<\/div>\n\t\t\t\t<div class=\"elementor-element elementor-element-1bed320 elementor-widget elementor-widget-spacer\" data-id=\"1bed320\" data-element_type=\"widget\" data-widget_type=\"spacer.default\">\n\t\t\t\t<div class=\"elementor-widget-container\">\n\t\t\t\t\t<div class=\"elementor-spacer\">\n\t\t\t<div class=\"elementor-spacer-inner\"><\/div>\n\t\t<\/div>\n\t\t\t\t<\/div>\n\t\t\t\t<\/div>\n\t\t\t\t\t<\/div>\n\t\t<\/div>\n\t\t\t\t\t<\/div>\n\t\t<\/section>\n\t\t\t\t<\/div>\n\t\t","protected":false},"excerpt":{"rendered":"<p>Minha miss\u00e3o Quem sou Promover sa\u00fade, bem-estar e autoconfian\u00e7a \u00e0s mulheres, oferecendo um atendimento m\u00e9dico ginecol\u00f3gico de excel\u00eancia, acolhedor e personalizado, baseado em ci\u00eancia, \u00e9tica e respeito \u00e0 individualidade.Tenho como miss\u00e3o impactar positivamente a vida de cada paciente, proporcionando um espa\u00e7o seguro, de escuta ativa e cuidado humanizado, onde a mulher \u00e9 protagonista do seu [&hellip;]<\/p>\n","protected":false},"author":1,"featured_media":0,"parent":0,"menu_order":0,"comment_status":"closed","ping_status":"closed","template":"","meta":{"footnotes":""},"class_list":["post-308","page","type-page","status-publish","hentry"],"_links":{"self":[{"href":"https:\/\/carolinaorlandi.com.br\/index.php?rest_route=\/wp\/v2\/pages\/308","targetHints":{"allow":["GET"]}}],"collection":[{"href":"https:\/\/carolinaorlandi.com.br\/index.php?rest_route=\/wp\/v2\/pages"}],"about":[{"href":"https:\/\/carolinaorlandi.com.br\/index.php?rest_route=\/wp\/v2\/types\/page"}],"author":[{"embeddable":true,"href":"https:\/\/carolinaorlandi.com.br\/index.php?rest_route=\/wp\/v2\/users\/1"}],"replies":[{"embeddable":true,"href":"https:\/\/carolinaorlandi.com.br\/index.php?rest_route=%2Fwp%2Fv2%2Fcomments&post=308"}],"version-history":[{"count":53,"href":"https:\/\/carolinaorlandi.com.br\/index.php?rest_route=\/wp\/v2\/pages\/308\/revisions"}],"predecessor-version":[{"id":2501,"href":"https:\/\/carolinaorlandi.com.br\/index.php?rest_route=\/wp\/v2\/pages\/308\/revisions\/2501"}],"wp:attachment":[{"href":"https:\/\/carolinaorlandi.com.br\/index.php?rest_route=%2Fwp%2Fv2%2Fmedia&parent=308"}],"curies":[{"name":"wp","href":"https:\/\/api.w.org\/{rel}","templated":true}]}}